{"id":10288,"date":"2021-03-06T20:32:48","date_gmt":"2021-03-07T00:32:48","guid":{"rendered":"http:\/\/kaipapai.com\/?page_id=10288"},"modified":"2022-09-28T21:43:02","modified_gmt":"2022-09-29T01:43:02","slug":"request-sent","status":"publish","type":"page","link":"https:\/\/kaipapai.com\/fr\/request-sent\/","title":{"rendered":"Votre demande a bien \u00e9t\u00e9 envoy\u00e9e"},"content":{"rendered":"<p>Merci de vous \u00eatre adress\u00e9 \u00e0 nous!<br \/>\nVotre demande a bien \u00e9t\u00e9 envoy\u00e9e. D\u00e8s r\u00e9ception, nous vous enverrons une offre de s\u00e9jour et des instructions pour r\u00e9gler votre r\u00e9servation.<br \/>\nA tr\u00e8s bient\u00f4t!<\/p>\n<p><img loading=\"lazy\" decoding=\"async\" class=\"aligncenter wp-image-10403 size-full\" src=\"http:\/\/kaipapai.com\/wp-content\/uploads\/2021\/03\/E-mail-Business-Card-x-Ka\u00ef-Papa\u00ef-rentals-at-Kaipapai-8-45x5-03cm.jpg\" alt=\"\" width=\"399\" height=\"238\" srcset=\"https:\/\/kaipapai.com\/wp-content\/uploads\/2021\/03\/E-mail-Business-Card-x-Ka\u00ef-Papa\u00ef-rentals-at-Kaipapai-8-45x5-03cm.jpg 399w, https:\/\/kaipapai.com\/wp-content\/uploads\/2021\/03\/E-mail-Business-Card-x-Ka\u00ef-Papa\u00ef-rentals-at-Kaipapai-8-45x5-03cm-300x179.jpg 300w\" sizes=\"auto, (max-width: 399px) 100vw, 399px\" \/><\/p>","protected":false},"excerpt":{"rendered":"<p>Merci de vous \u00eatre adress\u00e9 \u00e0 nous! Votre demande a bien \u00e9t\u00e9 envoy\u00e9e. D\u00e8s r\u00e9ception, nous vous enverrons une offre de s\u00e9jour et des instructions pour r\u00e9gler votre r\u00e9servation. A tr\u00e8s bient\u00f4t!<\/p>\n","protected":false},"author":30,"featured_media":0,"parent":0,"menu_order":0,"comment_status":"closed","ping_status":"closed","template":"","meta":{"footnotes":""},"class_list":["post-10288","page","type-page","status-publish","hentry"],"yoast_head":"<!-- This site is optimized with the Yoast SEO plugin v27.0 - https:\/\/yoast.com\/product\/yoast-seo-wordpress\/ -->\n<title>Votre demande a bien \u00e9t\u00e9 envoy\u00e9e | Ka\u00ef Papa\u00ef, Sainte-Lucie: Voyager vrai!<\/title>\n<meta name=\"robots\" content=\"index, follow, max-snippet:-1, max-image-preview:large, max-video-preview:-1\" \/>\n<link rel=\"canonical\" href=\"https:\/\/kaipapai.com\/request-sent\/\" \/>\n<meta property=\"og:locale\" content=\"fr_FR\" \/>\n<meta property=\"og:type\" content=\"article\" \/>\n<meta property=\"og:title\" content=\"Votre demande a bien \u00e9t\u00e9 envoy\u00e9e | Ka\u00ef Papa\u00ef, Sainte-Lucie: Voyager vrai!\" \/>\n<meta property=\"og:description\" content=\"Merci de vous \u00eatre adress\u00e9 \u00e0 nous! Votre demande a bien \u00e9t\u00e9 envoy\u00e9e. D\u00e8s r\u00e9ception, nous vous enverrons une offre de s\u00e9jour et des instructions pour r\u00e9gler votre r\u00e9servation. A tr\u00e8s bient\u00f4t!\" \/>\n<meta property=\"og:url\" content=\"https:\/\/kaipapai.com\/request-sent\/\" \/>\n<meta property=\"og:site_name\" content=\"Ka\u00ef Papa\u00ef, Sainte-Lucie: Voyager vrai!\" \/>\n<meta property=\"article:modified_time\" content=\"2022-09-29T01:43:02+00:00\" \/>\n<meta name=\"twitter:card\" content=\"summary_large_image\" \/>\n<script type=\"application\/ld+json\" class=\"yoast-schema-graph\">{\"@context\":\"https:\/\/schema.org\",\"@graph\":[{\"@type\":\"WebPage\",\"@id\":\"https:\/\/kaipapai.com\/request-sent\/\",\"url\":\"https:\/\/kaipapai.com\/request-sent\/\",\"name\":\"Votre demande a bien \u00e9t\u00e9 envoy\u00e9e | Ka\u00ef Papa\u00ef, Sainte-Lucie: Voyager vrai!\",\"isPartOf\":{\"@id\":\"https:\/\/kaipapai.com\/#website\"},\"datePublished\":\"2021-03-07T00:32:48+00:00\",\"dateModified\":\"2022-09-29T01:43:02+00:00\",\"breadcrumb\":{\"@id\":\"https:\/\/kaipapai.com\/request-sent\/#breadcrumb\"},\"inLanguage\":\"fr-FR\",\"potentialAction\":[{\"@type\":\"ReadAction\",\"target\":[\"https:\/\/kaipapai.com\/request-sent\/\"]}]},{\"@type\":\"BreadcrumbList\",\"@id\":\"https:\/\/kaipapai.com\/request-sent\/#breadcrumb\",\"itemListElement\":[{\"@type\":\"ListItem\",\"position\":1,\"name\":\"Home\",\"item\":\"https:\/\/kaipapai.com\/\"},{\"@type\":\"ListItem\",\"position\":2,\"name\":\"Your request has been sent\"}]},{\"@type\":\"WebSite\",\"@id\":\"https:\/\/kaipapai.com\/#website\",\"url\":\"https:\/\/kaipapai.com\/\",\"name\":\"Ka\u00ef Papa\u00ef, Sainte-Lucie: Voyager vrai!\",\"description\":\"Sainte-Lucie nature, y venir en vacances, s&#039;y ressourcer en partant \u00e0 la d\u00e9couverte de soi et des autres\",\"potentialAction\":[{\"@type\":\"SearchAction\",\"target\":{\"@type\":\"EntryPoint\",\"urlTemplate\":\"https:\/\/kaipapai.com\/?s={search_term_string}\"},\"query-input\":{\"@type\":\"PropertyValueSpecification\",\"valueRequired\":true,\"valueName\":\"search_term_string\"}}],\"inLanguage\":\"fr-FR\"}]}<\/script>\n<!-- \/ Yoast SEO plugin. -->","yoast_head_json":{"title":"Votre demande a bien \u00e9t\u00e9 envoy\u00e9e | Ka\u00ef Papa\u00ef, Sainte-Lucie: Voyager vrai!","robots":{"index":"index","follow":"follow","max-snippet":"max-snippet:-1","max-image-preview":"max-image-preview:large","max-video-preview":"max-video-preview:-1"},"canonical":"https:\/\/kaipapai.com\/request-sent\/","og_locale":"fr_FR","og_type":"article","og_title":"Votre demande a bien \u00e9t\u00e9 envoy\u00e9e | Ka\u00ef Papa\u00ef, Sainte-Lucie: Voyager vrai!","og_description":"Merci de vous \u00eatre adress\u00e9 \u00e0 nous! Votre demande a bien \u00e9t\u00e9 envoy\u00e9e. D\u00e8s r\u00e9ception, nous vous enverrons une offre de s\u00e9jour et des instructions pour r\u00e9gler votre r\u00e9servation. A tr\u00e8s bient\u00f4t!","og_url":"https:\/\/kaipapai.com\/request-sent\/","og_site_name":"Ka\u00ef Papa\u00ef, Sainte-Lucie: Voyager vrai!","article_modified_time":"2022-09-29T01:43:02+00:00","twitter_card":"summary_large_image","schema":{"@context":"https:\/\/schema.org","@graph":[{"@type":"WebPage","@id":"https:\/\/kaipapai.com\/request-sent\/","url":"https:\/\/kaipapai.com\/request-sent\/","name":"Votre demande a bien \u00e9t\u00e9 envoy\u00e9e | Ka\u00ef Papa\u00ef, Sainte-Lucie: Voyager vrai!","isPartOf":{"@id":"https:\/\/kaipapai.com\/#website"},"datePublished":"2021-03-07T00:32:48+00:00","dateModified":"2022-09-29T01:43:02+00:00","breadcrumb":{"@id":"https:\/\/kaipapai.com\/request-sent\/#breadcrumb"},"inLanguage":"fr-FR","potentialAction":[{"@type":"ReadAction","target":["https:\/\/kaipapai.com\/request-sent\/"]}]},{"@type":"BreadcrumbList","@id":"https:\/\/kaipapai.com\/request-sent\/#breadcrumb","itemListElement":[{"@type":"ListItem","position":1,"name":"Home","item":"https:\/\/kaipapai.com\/"},{"@type":"ListItem","position":2,"name":"Your request has been sent"}]},{"@type":"WebSite","@id":"https:\/\/kaipapai.com\/#website","url":"https:\/\/kaipapai.com\/","name":"Ka\u00ef Papa\u00ef, Sainte-Lucie: Voyager vrai!","description":"Sainte-Lucie nature, y venir en vacances, s&#039;y ressourcer en partant \u00e0 la d\u00e9couverte de soi et des autres","potentialAction":[{"@type":"SearchAction","target":{"@type":"EntryPoint","urlTemplate":"https:\/\/kaipapai.com\/?s={search_term_string}"},"query-input":{"@type":"PropertyValueSpecification","valueRequired":true,"valueName":"search_term_string"}}],"inLanguage":"fr-FR"}]}},"_links":{"self":[{"href":"https:\/\/kaipapai.com\/fr\/wp-json\/wp\/v2\/pages\/10288","targetHints":{"allow":["GET"]}}],"collection":[{"href":"https:\/\/kaipapai.com\/fr\/wp-json\/wp\/v2\/pages"}],"about":[{"href":"https:\/\/kaipapai.com\/fr\/wp-json\/wp\/v2\/types\/page"}],"author":[{"embeddable":true,"href":"https:\/\/kaipapai.com\/fr\/wp-json\/wp\/v2\/users\/30"}],"replies":[{"embeddable":true,"href":"https:\/\/kaipapai.com\/fr\/wp-json\/wp\/v2\/comments?post=10288"}],"version-history":[{"count":9,"href":"https:\/\/kaipapai.com\/fr\/wp-json\/wp\/v2\/pages\/10288\/revisions"}],"predecessor-version":[{"id":10974,"href":"https:\/\/kaipapai.com\/fr\/wp-json\/wp\/v2\/pages\/10288\/revisions\/10974"}],"wp:attachment":[{"href":"https:\/\/kaipapai.com\/fr\/wp-json\/wp\/v2\/media?parent=10288"}],"curies":[{"name":"wp","href":"https:\/\/api.w.org\/{rel}","templated":true}]}}