{"id":7073,"date":"2016-07-20T23:17:57","date_gmt":"2016-07-20T23:17:57","guid":{"rendered":"http:\/\/kaipapai.com\/?page_id=7073"},"modified":"2016-07-21T04:17:53","modified_gmt":"2016-07-21T04:17:53","slug":"contact","status":"publish","type":"page","link":"https:\/\/kaipapai.com\/fr\/contact\/","title":{"rendered":"Contact"},"content":{"rendered":"<p>here y<\/p>","protected":false},"excerpt":{"rendered":"<p>here y<\/p>\n","protected":false},"author":30,"featured_media":0,"parent":0,"menu_order":0,"comment_status":"closed","ping_status":"closed","template":"page-blog.php","meta":{"footnotes":""},"class_list":["post-7073","page","type-page","status-publish","hentry"],"yoast_head":"<!-- This site is optimized with the Yoast SEO plugin v27.0 - https:\/\/yoast.com\/product\/yoast-seo-wordpress\/ -->\n<title>Contact | Ka\u00ef Papa\u00ef, Sainte-Lucie: Voyager vrai!<\/title>\n<meta name=\"robots\" content=\"index, follow, max-snippet:-1, max-image-preview:large, max-video-preview:-1\" \/>\n<link rel=\"canonical\" href=\"https:\/\/kaipapai.com\/contact\/\" \/>\n<meta property=\"og:locale\" content=\"fr_FR\" \/>\n<meta property=\"og:type\" content=\"article\" \/>\n<meta property=\"og:title\" content=\"Contact | Ka\u00ef Papa\u00ef, Sainte-Lucie: Voyager vrai!\" \/>\n<meta property=\"og:description\" content=\"here y\" \/>\n<meta property=\"og:url\" content=\"https:\/\/kaipapai.com\/contact\/\" \/>\n<meta property=\"og:site_name\" content=\"Ka\u00ef Papa\u00ef, Sainte-Lucie: Voyager vrai!\" \/>\n<meta property=\"article:modified_time\" content=\"2016-07-21T04:17:53+00:00\" \/>\n<meta name=\"twitter:card\" content=\"summary_large_image\" \/>\n<script type=\"application\/ld+json\" class=\"yoast-schema-graph\">{\"@context\":\"https:\/\/schema.org\",\"@graph\":[{\"@type\":\"WebPage\",\"@id\":\"https:\/\/kaipapai.com\/contact\/\",\"url\":\"https:\/\/kaipapai.com\/contact\/\",\"name\":\"Contact | Ka\u00ef Papa\u00ef, Sainte-Lucie: Voyager vrai!\",\"isPartOf\":{\"@id\":\"https:\/\/kaipapai.com\/#website\"},\"datePublished\":\"2016-07-20T23:17:57+00:00\",\"dateModified\":\"2016-07-21T04:17:53+00:00\",\"breadcrumb\":{\"@id\":\"https:\/\/kaipapai.com\/contact\/#breadcrumb\"},\"inLanguage\":\"fr-FR\",\"potentialAction\":[{\"@type\":\"ReadAction\",\"target\":[\"https:\/\/kaipapai.com\/contact\/\"]}]},{\"@type\":\"BreadcrumbList\",\"@id\":\"https:\/\/kaipapai.com\/contact\/#breadcrumb\",\"itemListElement\":[{\"@type\":\"ListItem\",\"position\":1,\"name\":\"Home\",\"item\":\"https:\/\/kaipapai.com\/\"},{\"@type\":\"ListItem\",\"position\":2,\"name\":\"Contact\"}]},{\"@type\":\"WebSite\",\"@id\":\"https:\/\/kaipapai.com\/#website\",\"url\":\"https:\/\/kaipapai.com\/\",\"name\":\"Ka\u00ef Papa\u00ef, Sainte-Lucie: Voyager vrai!\",\"description\":\"Sainte-Lucie nature, y venir en vacances, s&#039;y ressourcer en partant \u00e0 la d\u00e9couverte de soi et des autres\",\"potentialAction\":[{\"@type\":\"SearchAction\",\"target\":{\"@type\":\"EntryPoint\",\"urlTemplate\":\"https:\/\/kaipapai.com\/?s={search_term_string}\"},\"query-input\":{\"@type\":\"PropertyValueSpecification\",\"valueRequired\":true,\"valueName\":\"search_term_string\"}}],\"inLanguage\":\"fr-FR\"}]}<\/script>\n<!-- \/ Yoast SEO plugin. -->","yoast_head_json":{"title":"Contact | Ka\u00ef Papa\u00ef, Sainte-Lucie: Voyager vrai!","robots":{"index":"index","follow":"follow","max-snippet":"max-snippet:-1","max-image-preview":"max-image-preview:large","max-video-preview":"max-video-preview:-1"},"canonical":"https:\/\/kaipapai.com\/contact\/","og_locale":"fr_FR","og_type":"article","og_title":"Contact | Ka\u00ef Papa\u00ef, Sainte-Lucie: Voyager vrai!","og_description":"here y","og_url":"https:\/\/kaipapai.com\/contact\/","og_site_name":"Ka\u00ef Papa\u00ef, Sainte-Lucie: Voyager vrai!","article_modified_time":"2016-07-21T04:17:53+00:00","twitter_card":"summary_large_image","schema":{"@context":"https:\/\/schema.org","@graph":[{"@type":"WebPage","@id":"https:\/\/kaipapai.com\/contact\/","url":"https:\/\/kaipapai.com\/contact\/","name":"Contact | Ka\u00ef Papa\u00ef, Sainte-Lucie: Voyager vrai!","isPartOf":{"@id":"https:\/\/kaipapai.com\/#website"},"datePublished":"2016-07-20T23:17:57+00:00","dateModified":"2016-07-21T04:17:53+00:00","breadcrumb":{"@id":"https:\/\/kaipapai.com\/contact\/#breadcrumb"},"inLanguage":"fr-FR","potentialAction":[{"@type":"ReadAction","target":["https:\/\/kaipapai.com\/contact\/"]}]},{"@type":"BreadcrumbList","@id":"https:\/\/kaipapai.com\/contact\/#breadcrumb","itemListElement":[{"@type":"ListItem","position":1,"name":"Home","item":"https:\/\/kaipapai.com\/"},{"@type":"ListItem","position":2,"name":"Contact"}]},{"@type":"WebSite","@id":"https:\/\/kaipapai.com\/#website","url":"https:\/\/kaipapai.com\/","name":"Ka\u00ef Papa\u00ef, Sainte-Lucie: Voyager vrai!","description":"Sainte-Lucie nature, y venir en vacances, s&#039;y ressourcer en partant \u00e0 la d\u00e9couverte de soi et des autres","potentialAction":[{"@type":"SearchAction","target":{"@type":"EntryPoint","urlTemplate":"https:\/\/kaipapai.com\/?s={search_term_string}"},"query-input":{"@type":"PropertyValueSpecification","valueRequired":true,"valueName":"search_term_string"}}],"inLanguage":"fr-FR"}]}},"_links":{"self":[{"href":"https:\/\/kaipapai.com\/fr\/wp-json\/wp\/v2\/pages\/7073","targetHints":{"allow":["GET"]}}],"collection":[{"href":"https:\/\/kaipapai.com\/fr\/wp-json\/wp\/v2\/pages"}],"about":[{"href":"https:\/\/kaipapai.com\/fr\/wp-json\/wp\/v2\/types\/page"}],"author":[{"embeddable":true,"href":"https:\/\/kaipapai.com\/fr\/wp-json\/wp\/v2\/users\/30"}],"replies":[{"embeddable":true,"href":"https:\/\/kaipapai.com\/fr\/wp-json\/wp\/v2\/comments?post=7073"}],"version-history":[{"count":1,"href":"https:\/\/kaipapai.com\/fr\/wp-json\/wp\/v2\/pages\/7073\/revisions"}],"predecessor-version":[{"id":7074,"href":"https:\/\/kaipapai.com\/fr\/wp-json\/wp\/v2\/pages\/7073\/revisions\/7074"}],"wp:attachment":[{"href":"https:\/\/kaipapai.com\/fr\/wp-json\/wp\/v2\/media?parent=7073"}],"curies":[{"name":"wp","href":"https:\/\/api.w.org\/{rel}","templated":true}]}}